{"id":151,"date":"2024-12-15T23:32:33","date_gmt":"2024-12-15T23:32:33","guid":{"rendered":"https:\/\/www.scpt.kristentshika.net\/?page_id=151"},"modified":"2025-04-07T17:43:31","modified_gmt":"2025-04-07T17:43:31","slug":"la-poste","status":"publish","type":"page","link":"https:\/\/scpt.cd\/web\/la-poste\/","title":{"rendered":"la-poste"},"content":{"rendered":"","protected":false},"excerpt":{"rendered":"","protected":false},"author":2,"featured_media":0,"parent":0,"menu_order":0,"comment_status":"closed","ping_status":"closed","template":"","meta":{"_acf_changed":false,"footnotes":""},"class_list":["post-151","page","type-page","status-publish","hentry"],"acf":{"mission-texte":"\u00catre le fer de lance du d\u00e9veloppement du secteur postal en Afrique et encourager la coop\u00e9ration entre les parties prenantes, en vue de promouvoir les r\u00e9formes du r\u00e9seau postal physique, \u00e9lectronique et financier.","mission-image":"https:\/\/scpt.cd\/web\/wp-content\/uploads\/2024\/12\/laposte-about.jpg","pourquoi-texte":"La POSTE RDC est l\u2019administration charg\u00e9e de l\u2019acheminement du courrier et d\u2019op\u00e9rations financi\u00e8res.","telephone":"+243 810429249","pourquoi-image":"https:\/\/scpt.cd\/web\/wp-content\/uploads\/2025\/04\/CONCOURS-EPISTOLAIRE.jpg"},"_links":{"self":[{"href":"https:\/\/scpt.cd\/web\/wp-json\/wp\/v2\/pages\/151","targetHints":{"allow":["GET"]}}],"collection":[{"href":"https:\/\/scpt.cd\/web\/wp-json\/wp\/v2\/pages"}],"about":[{"href":"https:\/\/scpt.cd\/web\/wp-json\/wp\/v2\/types\/page"}],"author":[{"embeddable":true,"href":"https:\/\/scpt.cd\/web\/wp-json\/wp\/v2\/users\/2"}],"replies":[{"embeddable":true,"href":"https:\/\/scpt.cd\/web\/wp-json\/wp\/v2\/comments?post=151"}],"version-history":[{"count":2,"href":"https:\/\/scpt.cd\/web\/wp-json\/wp\/v2\/pages\/151\/revisions"}],"predecessor-version":[{"id":1577,"href":"https:\/\/scpt.cd\/web\/wp-json\/wp\/v2\/pages\/151\/revisions\/1577"}],"wp:attachment":[{"href":"https:\/\/scpt.cd\/web\/wp-json\/wp\/v2\/media?parent=151"}],"curies":[{"name":"wp","href":"https:\/\/api.w.org\/{rel}","templated":true}]}}